{"id":84,"date":"2013-11-04T13:29:46","date_gmt":"2013-11-04T12:29:46","guid":{"rendered":"http:\/\/blog.lapizza.fr\/?page_id=84"},"modified":"2013-11-04T13:35:44","modified_gmt":"2013-11-04T12:35:44","slug":"coulis-de-tomates","status":"publish","type":"page","link":"https:\/\/lapizza.fr\/blog\/coulis-de-tomates","title":{"rendered":"Coulis de tomates"},"content":{"rendered":"<p><a href=\"http:\/\/blog.lapizza.fr\/wp-content\/uploads\/2013\/11\/coulis_tomates.jpg\"><img decoding=\"async\" loading=\"lazy\" class=\"size-full wp-image-85 aligncenter\" alt=\"Coulis de tomates\" src=\"http:\/\/blog.lapizza.fr\/wp-content\/uploads\/2013\/11\/coulis_tomates.jpg\" width=\"639\" height=\"325\" srcset=\"https:\/\/lapizza.fr\/blog\/wp-content\/uploads\/2013\/11\/coulis_tomates.jpg 639w, https:\/\/lapizza.fr\/blog\/wp-content\/uploads\/2013\/11\/coulis_tomates-300x152.jpg 300w\" sizes=\"(max-width: 639px) 100vw, 639px\" \/><\/a><\/p>\n<p>&nbsp;<\/p>\n<div id=\"ez-toc-container\" class=\"ez-toc-v2_0_45_1 counter-hierarchy ez-toc-counter ez-toc-grey ez-toc-container-direction\">\n<div class=\"ez-toc-title-container\">\n<p class=\"ez-toc-title\">Table des mati\u00e8res<\/p>\n<span class=\"ez-toc-title-toggle\"><a href=\"#\" class=\"ez-toc-pull-right ez-toc-btn ez-toc-btn-xs ez-toc-btn-default ez-toc-toggle\" area-label=\"ez-toc-toggle-icon-1\"><label for=\"item-6a0328462d127\" aria-label=\"Table des mati\u00e8res\"><span style=\"display: flex;align-items: center;width: 35px;height: 30px;justify-content: center;direction:ltr;\"><svg style=\"fill: #999;color:#999\" xmlns=\"http:\/\/www.w3.org\/2000\/svg\" class=\"list-377408\" width=\"20px\" height=\"20px\" viewBox=\"0 0 24 24\" fill=\"none\"><path d=\"M6 6H4v2h2V6zm14 0H8v2h12V6zM4 11h2v2H4v-2zm16 0H8v2h12v-2zM4 16h2v2H4v-2zm16 0H8v2h12v-2z\" fill=\"currentColor\"><\/path><\/svg><svg style=\"fill: #999;color:#999\" class=\"arrow-unsorted-368013\" xmlns=\"http:\/\/www.w3.org\/2000\/svg\" width=\"10px\" height=\"10px\" viewBox=\"0 0 24 24\" version=\"1.2\" baseProfile=\"tiny\"><path d=\"M18.2 9.3l-6.2-6.3-6.2 6.3c-.2.2-.3.4-.3.7s.1.5.3.7c.2.2.4.3.7.3h11c.3 0 .5-.1.7-.3.2-.2.3-.5.3-.7s-.1-.5-.3-.7zM5.8 14.7l6.2 6.3 6.2-6.3c.2-.2.3-.5.3-.7s-.1-.5-.3-.7c-.2-.2-.4-.3-.7-.3h-11c-.3 0-.5.1-.7.3-.2.2-.3.5-.3.7s.1.5.3.7z\"\/><\/svg><\/span><\/label><input  type=\"checkbox\" id=\"item-6a0328462d127\"><\/a><\/span><\/div>\n<nav><ul class='ez-toc-list ez-toc-list-level-1 ' ><li class='ez-toc-page-1 ez-toc-heading-level-2'><a class=\"ez-toc-link ez-toc-heading-1\" href=\"https:\/\/lapizza.fr\/blog\/coulis-de-tomates\/#Ingredients\" title=\"Ingr\u00e9dients\">Ingr\u00e9dients<\/a><\/li><li class='ez-toc-page-1 ez-toc-heading-level-2'><a class=\"ez-toc-link ez-toc-heading-2\" href=\"https:\/\/lapizza.fr\/blog\/coulis-de-tomates\/#Preparation\" title=\"Pr\u00e9paration\">Pr\u00e9paration<\/a><\/li><\/ul><\/nav><\/div>\n<h2><span class=\"ez-toc-section\" id=\"Ingredients\"><\/span>Ingr\u00e9dients<span class=\"ez-toc-section-end\"><\/span><\/h2>\n<ul>\n<li>Tomates : 300g<\/li>\n<li>Gousse d&rsquo;ail : 1<\/li>\n<li>Oignon : 1\/2<\/li>\n<li>Thym : 1\/2 branche<\/li>\n<li>Laurier : 1 feuille<\/li>\n<li>Basilic : 1 branche<\/li>\n<li>Huile d&rsquo;olive : 1 cuill\u00e8re \u00e0 soupe<\/li>\n<li>Origan : 2 cuill\u00e8res \u00e0 caf\u00e9<\/li>\n<li>Sucre : 1\/2<\/li>\n<li>Sel<\/li>\n<li>Poivre<\/li>\n<\/ul>\n<p>&nbsp;<\/p>\n<h2><span class=\"ez-toc-section\" id=\"Preparation\"><\/span>Pr\u00e9paration<span class=\"ez-toc-section-end\"><\/span><\/h2>\n<ol>\n<li>Couper les tomates et enlever peau et p\u00e9pins.<\/li>\n<li>Faire revenir ail et oignon \u00e0 la po\u00eale dans l&rsquo;huile d&rsquo;olive.<\/li>\n<li>Ajouter les tomates et tout le reste puis faire mijoter \u00e0 feu doux pendant 15 minutes.<\/li>\n<li>Mixer si n\u00e9cessaire.<\/li>\n<\/ol>\n<p>&nbsp;<\/p>\n","protected":false},"excerpt":{"rendered":"<p>&nbsp; Ingr\u00e9dients Tomates : 300g Gousse d&rsquo;ail : 1 Oignon : 1\/2 Thym : 1\/2 branche Laurier : 1 feuille Basilic : 1 branche Huile d&rsquo;olive : 1 cuill\u00e8re \u00e0 soupe Origan : 2 cuill\u00e8res \u00e0 caf\u00e9 Sucre : 1\/2 Sel Poivre &nbsp; Pr\u00e9paration Couper les tomates et enlever peau et p\u00e9pins. Faire revenir ail<\/p>\n","protected":false},"author":1,"featured_media":0,"parent":0,"menu_order":0,"comment_status":"closed","ping_status":"open","template":"","meta":[],"yoast_head":"<!-- This site is optimized with the Yoast SEO plugin v20.1 - https:\/\/yoast.com\/wordpress\/plugins\/seo\/ -->\n<title>Coulis de tomates - Blog La Pizza<\/title>\n<meta name=\"robots\" content=\"index, follow, max-snippet:-1, max-image-preview:large, max-video-preview:-1\" \/>\n<link rel=\"canonical\" href=\"https:\/\/lapizza.fr\/blog\/coulis-de-tomates\" \/>\n<meta property=\"og:locale\" content=\"fr_FR\" \/>\n<meta property=\"og:type\" content=\"article\" \/>\n<meta property=\"og:title\" content=\"Coulis de tomates - Blog La Pizza\" \/>\n<meta property=\"og:description\" content=\"&nbsp; Ingr\u00e9dients Tomates : 300g Gousse d&rsquo;ail : 1 Oignon : 1\/2 Thym : 1\/2 branche Laurier : 1 feuille Basilic : 1 branche Huile d&rsquo;olive : 1 cuill\u00e8re \u00e0 soupe Origan : 2 cuill\u00e8res \u00e0 caf\u00e9 Sucre : 1\/2 Sel Poivre &nbsp; Pr\u00e9paration Couper les tomates et enlever peau et p\u00e9pins. Faire revenir ail\" \/>\n<meta property=\"og:url\" content=\"https:\/\/lapizza.fr\/blog\/coulis-de-tomates\" \/>\n<meta property=\"og:site_name\" content=\"Blog La Pizza\" \/>\n<meta property=\"article:modified_time\" content=\"2013-11-04T12:35:44+00:00\" \/>\n<meta property=\"og:image\" content=\"http:\/\/blog.lapizza.fr\/wp-content\/uploads\/2013\/11\/coulis_tomates.jpg\" \/>\n<script type=\"application\/ld+json\" class=\"yoast-schema-graph\">{\"@context\":\"https:\/\/schema.org\",\"@graph\":[{\"@type\":\"WebPage\",\"@id\":\"https:\/\/lapizza.fr\/blog\/coulis-de-tomates\",\"url\":\"https:\/\/lapizza.fr\/blog\/coulis-de-tomates\",\"name\":\"Coulis de tomates - Blog La Pizza\",\"isPartOf\":{\"@id\":\"https:\/\/lapizza.fr\/blog\/#website\"},\"datePublished\":\"2013-11-04T12:29:46+00:00\",\"dateModified\":\"2013-11-04T12:35:44+00:00\",\"breadcrumb\":{\"@id\":\"https:\/\/lapizza.fr\/blog\/coulis-de-tomates#breadcrumb\"},\"inLanguage\":\"fr-FR\",\"potentialAction\":[{\"@type\":\"ReadAction\",\"target\":[\"https:\/\/lapizza.fr\/blog\/coulis-de-tomates\"]}]},{\"@type\":\"BreadcrumbList\",\"@id\":\"https:\/\/lapizza.fr\/blog\/coulis-de-tomates#breadcrumb\",\"itemListElement\":[{\"@type\":\"ListItem\",\"position\":1,\"name\":\"Home\",\"item\":\"https:\/\/lapizza.fr\/blog\"},{\"@type\":\"ListItem\",\"position\":2,\"name\":\"Coulis de tomates\"}]},{\"@type\":\"WebSite\",\"@id\":\"https:\/\/lapizza.fr\/blog\/#website\",\"url\":\"https:\/\/lapizza.fr\/blog\/\",\"name\":\"Blog La Pizza\",\"description\":\"Pour tous les fans de pizzas\",\"potentialAction\":[{\"@type\":\"SearchAction\",\"target\":{\"@type\":\"EntryPoint\",\"urlTemplate\":\"https:\/\/lapizza.fr\/blog\/?s={search_term_string}\"},\"query-input\":\"required name=search_term_string\"}],\"inLanguage\":\"fr-FR\"}]}<\/script>\n<!-- \/ Yoast SEO plugin. -->","yoast_head_json":{"title":"Coulis de tomates - Blog La Pizza","robots":{"index":"index","follow":"follow","max-snippet":"max-snippet:-1","max-image-preview":"max-image-preview:large","max-video-preview":"max-video-preview:-1"},"canonical":"https:\/\/lapizza.fr\/blog\/coulis-de-tomates","og_locale":"fr_FR","og_type":"article","og_title":"Coulis de tomates - Blog La Pizza","og_description":"&nbsp; Ingr\u00e9dients Tomates : 300g Gousse d&rsquo;ail : 1 Oignon : 1\/2 Thym : 1\/2 branche Laurier : 1 feuille Basilic : 1 branche Huile d&rsquo;olive : 1 cuill\u00e8re \u00e0 soupe Origan : 2 cuill\u00e8res \u00e0 caf\u00e9 Sucre : 1\/2 Sel Poivre &nbsp; Pr\u00e9paration Couper les tomates et enlever peau et p\u00e9pins. Faire revenir ail","og_url":"https:\/\/lapizza.fr\/blog\/coulis-de-tomates","og_site_name":"Blog La Pizza","article_modified_time":"2013-11-04T12:35:44+00:00","og_image":[{"url":"http:\/\/blog.lapizza.fr\/wp-content\/uploads\/2013\/11\/coulis_tomates.jpg"}],"schema":{"@context":"https:\/\/schema.org","@graph":[{"@type":"WebPage","@id":"https:\/\/lapizza.fr\/blog\/coulis-de-tomates","url":"https:\/\/lapizza.fr\/blog\/coulis-de-tomates","name":"Coulis de tomates - Blog La Pizza","isPartOf":{"@id":"https:\/\/lapizza.fr\/blog\/#website"},"datePublished":"2013-11-04T12:29:46+00:00","dateModified":"2013-11-04T12:35:44+00:00","breadcrumb":{"@id":"https:\/\/lapizza.fr\/blog\/coulis-de-tomates#breadcrumb"},"inLanguage":"fr-FR","potentialAction":[{"@type":"ReadAction","target":["https:\/\/lapizza.fr\/blog\/coulis-de-tomates"]}]},{"@type":"BreadcrumbList","@id":"https:\/\/lapizza.fr\/blog\/coulis-de-tomates#breadcrumb","itemListElement":[{"@type":"ListItem","position":1,"name":"Home","item":"https:\/\/lapizza.fr\/blog"},{"@type":"ListItem","position":2,"name":"Coulis de tomates"}]},{"@type":"WebSite","@id":"https:\/\/lapizza.fr\/blog\/#website","url":"https:\/\/lapizza.fr\/blog\/","name":"Blog La Pizza","description":"Pour tous les fans de pizzas","potentialAction":[{"@type":"SearchAction","target":{"@type":"EntryPoint","urlTemplate":"https:\/\/lapizza.fr\/blog\/?s={search_term_string}"},"query-input":"required name=search_term_string"}],"inLanguage":"fr-FR"}]}},"_links":{"self":[{"href":"https:\/\/lapizza.fr\/blog\/wp-json\/wp\/v2\/pages\/84"}],"collection":[{"href":"https:\/\/lapizza.fr\/blog\/wp-json\/wp\/v2\/pages"}],"about":[{"href":"https:\/\/lapizza.fr\/blog\/wp-json\/wp\/v2\/types\/page"}],"author":[{"embeddable":true,"href":"https:\/\/lapizza.fr\/blog\/wp-json\/wp\/v2\/users\/1"}],"replies":[{"embeddable":true,"href":"https:\/\/lapizza.fr\/blog\/wp-json\/wp\/v2\/comments?post=84"}],"version-history":[{"count":3,"href":"https:\/\/lapizza.fr\/blog\/wp-json\/wp\/v2\/pages\/84\/revisions"}],"predecessor-version":[{"id":89,"href":"https:\/\/lapizza.fr\/blog\/wp-json\/wp\/v2\/pages\/84\/revisions\/89"}],"wp:attachment":[{"href":"https:\/\/lapizza.fr\/blog\/wp-json\/wp\/v2\/media?parent=84"}],"curies":[{"name":"wp","href":"https:\/\/api.w.org\/{rel}","templated":true}]}}